{"id":57,"date":"2018-09-10T10:59:57","date_gmt":"2018-09-10T10:59:57","guid":{"rendered":"https:\/\/pongauentwickeltpotenziale.at\/?page_id=57"},"modified":"2018-09-10T10:59:57","modified_gmt":"2018-09-10T10:59:57","slug":"impressum","status":"publish","type":"page","link":"https:\/\/pongauentwickeltpotenziale.at\/?page_id=57","title":{"rendered":"Impressum"},"content":{"rendered":"<h2>GENDERFAIRE SPRACHE<\/h2>\n<p>Wir sch\u00e4tzen unsere Besucherinnen und Besucher in absolut gleichem Ma\u00dfe. Dennoch haben wir uns auf den Texten der Website aus Gr\u00fcnden der leichteren Lesbarkeit zur Verwendung der m\u00e4nnlichen Form entschieden.<\/p>\n<h1>IMPRESSUM \u2013 HAFTUNGSAUSSCHLUSS<\/h1>\n<p>Informationen gem\u00e4\u00df \u00a7 5 (1) E-Commerce-Gesetz: S\u00e4mtliche Seiten von PeP \u2013 Pongau entwickelt Potenziale haben ausschlie\u00dflich Informationscharakter \u2013 wir \u00fcbernehmen daher keinerlei Gew\u00e4hr f\u00fcr Richtigkeit, Genauigkeit, Aktualit\u00e4t, Vollst\u00e4ndigkeit und Qualit\u00e4t der bereitgestellten Informationen.<\/p>\n<p>&nbsp;<\/p>\n<p>PeP \u2013 Pongau entwickelt Potenziale begr\u00fcndet durch die Bereitstellung dieser Informationen kein Vertragsangebot \u00fcber Ausk\u00fcnfte, Beratung oder \u00e4hnliche Vertragsbeziehungen. Jegliche Haftung f\u00fcr die Nutzung der Inhalte der Website oder die Richtigkeit der Inhalte oder die Erreichbarkeit der Web Site wird ausgeschlossen.<\/p>\n<p>&nbsp;<\/p>\n<p>Auf den Internetseiten von www.pongauentwickeltpotenziale.at\u00a0k\u00f6nnen direkte oder indirekte Verweise auf fremde Internetseiten (so genannte Links) enthalten sein. Es ist nicht m\u00f6glich, st\u00e4ndig diese Internetseiten bzw. Links inhaltlich zu pr\u00fcfen oder auf den Inhalt dieser Seiten Einfluss zu nehmen. Insbesondere ist eine permanente inhaltliche Kontrolle der verlinkten Seiten ohne konkrete Anhaltspunkte einer Rechtsverletzung nicht zumutbar. Es wird f\u00fcr Inhalte dieser Seiten bzw. Links daher keinerlei Haftung oder Gew\u00e4hrleistung \u00fcbernommen.<\/p>\n<p>&nbsp;<\/p>\n<p>F\u00fcr illegale, fehlerhafte oder unvollst\u00e4ndige Inhalte verlinkter \/ verkn\u00fcpfter Internetseiten insbesondere aber f\u00fcr Sch\u00e4den (mittelbare und unmittelbare Sch\u00e4den oder Sch\u00e4den, die durch fehlende Nutzungsm\u00f6glichkeiten, Datenverluste oder entgangene Gewinne entstehen k\u00f6nnen), die aus der Nutzung von auf diese Weise erhaltene Informationen entstehen, haftet allein der Anbieter dieser jeweiligen Internetseite, auf welche verwiesen wurde, nicht jedoch PeP \u2013 Pongau entwickelt Potenziale, welche lediglich \u00fcber Links auf die jeweiligen Kunden, Partnerfirmen und\/oder interessante Ver\u00f6ffentlichungen verweist.<\/p>\n<p>&nbsp;<\/p>\n<div class=\"col-xs-9 col-sm-9 col-lg-9 col-md-9\">\n<h2>FIRMA<\/h2>\n<\/div>\n<table class=\"impressum\">\n<tbody>\n<tr>\n<td>Firma:<\/td>\n<td>PeP \u2013 Pongau entwickelt Potenziale<\/td>\n<\/tr>\n<tr>\n<td>Anschrift:<\/td>\n<td>Werksgel\u00e4nde 30, 5500 Mitterbergh\u00fctten<\/td>\n<\/tr>\n<tr>\n<td>Telefon:<\/td>\n<td>+43 (0)650 666 55 43<\/td>\n<\/tr>\n<tr>\n<td>Fax:<\/td>\n<td>&#8211;<\/td>\n<\/tr>\n<tr>\n<td>E-Mail:<\/td>\n<td><a href=\"mailto:raphael.riedler@outlook.com\">raphael.riedler@outlook.com<\/a><\/td>\n<\/tr>\n<tr>\n<td>Internet:<\/td>\n<td>www.pongauentwickeltpotenziale.at<\/td>\n<\/tr>\n<tr>\n<td>Firmenbuchgericht:<\/td>\n<td>&#8211;<\/td>\n<\/tr>\n<tr>\n<td>Firmenbuchnummer:<\/td>\n<td>&#8211;<\/td>\n<\/tr>\n<tr>\n<td>Umsatzsteuer (UID)-Nr.:<\/td>\n<td>&#8211;<\/td>\n<\/tr>\n<\/tbody>\n<\/table>\n<p><a href=\"https:\/\/firmen.wko.at\/Web\/DetailsKontakt.aspx?FirmaID=\" target=\"_blank\" rel=\"noopener\">Informationspflicht lt. \u00a7 5 Abs. 1 E-Commerce-Gesetz und Offenlegungspflicht gem\u00e4\u00df Mediengesetz \u00a725<\/a><\/p>\n","protected":false},"excerpt":{"rendered":"<p>GENDERFAIRE SPRACHE Wir sch\u00e4tzen unsere Besucherinnen und Besucher in absolut gleichem Ma\u00dfe. Dennoch haben wir uns auf den Texten der Website aus Gr\u00fcnden der leichteren Lesbarkeit zur Verwendung der m\u00e4nnlichen Form entschieden. IMPRESSUM \u2013 HAFTUNGSAUSSCHLUSS Informationen gem\u00e4\u00df \u00a7 5 (1) E-Commerce-Gesetz: S\u00e4mtliche Seiten von PeP \u2013 Pongau entwickelt Potenziale haben ausschlie\u00dflich Informationscharakter \u2013 wir \u00fcbernehmen [&hellip;]<\/p>\n","protected":false},"author":1,"featured_media":0,"parent":0,"menu_order":0,"comment_status":"closed","ping_status":"closed","template":"","meta":{"footnotes":""},"class_list":["post-57","page","type-page","status-publish","hentry"],"_links":{"self":[{"href":"https:\/\/pongauentwickeltpotenziale.at\/index.php?rest_route=\/wp\/v2\/pages\/57"}],"collection":[{"href":"https:\/\/pongauentwickeltpotenziale.at\/index.php?rest_route=\/wp\/v2\/pages"}],"about":[{"href":"https:\/\/pongauentwickeltpotenziale.at\/index.php?rest_route=\/wp\/v2\/types\/page"}],"author":[{"embeddable":true,"href":"https:\/\/pongauentwickeltpotenziale.at\/index.php?rest_route=\/wp\/v2\/users\/1"}],"replies":[{"embeddable":true,"href":"https:\/\/pongauentwickeltpotenziale.at\/index.php?rest_route=%2Fwp%2Fv2%2Fcomments&post=57"}],"version-history":[{"count":1,"href":"https:\/\/pongauentwickeltpotenziale.at\/index.php?rest_route=\/wp\/v2\/pages\/57\/revisions"}],"predecessor-version":[{"id":58,"href":"https:\/\/pongauentwickeltpotenziale.at\/index.php?rest_route=\/wp\/v2\/pages\/57\/revisions\/58"}],"wp:attachment":[{"href":"https:\/\/pongauentwickeltpotenziale.at\/index.php?rest_route=%2Fwp%2Fv2%2Fmedia&parent=57"}],"curies":[{"name":"wp","href":"https:\/\/api.w.org\/{rel}","templated":true}]}}